{"id":7,"date":"2013-02-26T16:21:49","date_gmt":"2013-02-26T15:21:49","guid":{"rendered":"http:\/\/le-souffle.org\/?page_id=7"},"modified":"2018-08-08T10:33:45","modified_gmt":"2018-08-08T08:33:45","slug":"le-cours","status":"publish","type":"page","link":"https:\/\/le-souffle.org\/?page_id=7","title":{"rendered":"Infos Pratiques : Les cours de yoga"},"content":{"rendered":"<p>. Un cours \u00e0 lieu dans le <strong>gymnase de l&rsquo;\u00e9cole Cochennec \u00e0 Pantin<\/strong> (M\u00e9tro Bobigny &#8211; Pantin &#8211; Raymond Queneau, ligne 5), tous les <strong>mercredis de 19h00<\/strong> \u00e0 20 h30, et vous devez amener votre tapis.<br \/>\nL&rsquo;entr\u00e9e se trouve rue de Balzac (voir carte ci dessous).<\/p>\n<p>. deux\u00a0 cours \u00e0\u00a0<strong> l&rsquo;\u00e9cole Louis Aragon<\/strong>, <span class=\"st\"> 25 quai de l&rsquo;Ourcq \u00e0 Pantin, <strong>les mardis de 18 h 30 \u00e0 20 h 10 <\/strong>et<strong>\u00a0 de 20 h 10 \u00e0 21 h 40.<\/strong><\/span><\/p>\n<p>La <strong>cotisation annuelle est de 160 euros<\/strong> (adh\u00e9sion \u00e0 la F\u00e9d\u00e9ration de Hatha Yoga comprise).<\/p>\n<p>Venir avec une tenue confortable, souple , un v\u00eatement chaud pour la relaxation, et une grande serviette ou tissu pour poser sur le tapis.<\/p>\n<hr \/>\n<p>Vous pouvez imprimer ce fichier avant de venir au cours :\u00a0<a href=\"http:\/\/le-souffle.org\/wp-content\/uploads\/2013\/02\/Infos_pratiques.pdf\">Infos pratiques<\/a><\/p>\n<p>Utilisez la carte ci-dessous pour localiser le cours.<\/p>\n<div class=\"gmpShortCodePreview gmpShortCodePreviewForEditMap\"> <style type=\"text\/css\"> #ready_google_map_1{ width:100%; height:400px; float:top; border:0px solid ; margin:0px; } #gmapControlsNum_1{ width:100% } #ready_google_map_1 .gmpMarkerInfoWindow{ width:200px; height:100px; } .gmpMapDetailsContainer#gmpMapDetailsContainer_1{ height:400px; } .gmp_MapPreview#ready_google_map_1{ \/*position:absolute;*\/ width:100%; } #mapConElem_1{ width:100% } <\/style> <div class=\"gmp_map_opts \" id=\"mapConElem_1\"> <div class=\"gmpMapDetailsContainer\" id=\"gmpMapDetailsContainer_1\"> <div class=\"gmp_MapPreview \" id=\"ready_google_map_1\"><\/div> <\/div> <div class=\"gmpMapProControlsCon\" id=\"gmpMapProControlsCon_1\"> <\/div> <\/div><\/div>\n<div class=\"gmpShortCodePreview gmpShortCodePreviewForEditMap\"><\/div>\n","protected":false},"excerpt":{"rendered":"<p>. Un cours \u00e0 lieu dans le gymnase de l&rsquo;\u00e9cole Cochennec \u00e0 Pantin (M\u00e9tro Bobigny &#8211; Pantin &#8211; Raymond Queneau, ligne 5), tous les mercredis de 19h00 \u00e0 20 h30, et vous devez amener votre tapis. L&rsquo;entr\u00e9e se trouve rue de Balzac (voir carte ci dessous). . deux\u00a0 cours \u00e0\u00a0 l&rsquo;\u00e9cole Louis Aragon, 25 quai [&hellip;]<\/p>\n","protected":false},"author":1,"featured_media":0,"parent":0,"menu_order":0,"comment_status":"closed","ping_status":"closed","template":"","meta":[],"_links":{"self":[{"href":"https:\/\/le-souffle.org\/index.php?rest_route=\/wp\/v2\/pages\/7"}],"collection":[{"href":"https:\/\/le-souffle.org\/index.php?rest_route=\/wp\/v2\/pages"}],"about":[{"href":"https:\/\/le-souffle.org\/index.php?rest_route=\/wp\/v2\/types\/page"}],"author":[{"embeddable":true,"href":"https:\/\/le-souffle.org\/index.php?rest_route=\/wp\/v2\/users\/1"}],"replies":[{"embeddable":true,"href":"https:\/\/le-souffle.org\/index.php?rest_route=%2Fwp%2Fv2%2Fcomments&post=7"}],"version-history":[{"count":28,"href":"https:\/\/le-souffle.org\/index.php?rest_route=\/wp\/v2\/pages\/7\/revisions"}],"predecessor-version":[{"id":187,"href":"https:\/\/le-souffle.org\/index.php?rest_route=\/wp\/v2\/pages\/7\/revisions\/187"}],"wp:attachment":[{"href":"https:\/\/le-souffle.org\/index.php?rest_route=%2Fwp%2Fv2%2Fmedia&parent=7"}],"curies":[{"name":"wp","href":"https:\/\/api.w.org\/{rel}","templated":true}]}}